{"id":8,"date":"2016-11-02T02:26:39","date_gmt":"2016-11-02T02:26:39","guid":{"rendered":"https:\/\/data.audiosaludregional.cl\/?page_id=8"},"modified":"2023-05-08T19:36:55","modified_gmt":"2023-05-08T19:36:55","slug":"quienes-somos","status":"publish","type":"page","link":"https:\/\/data.audiosaludregional.cl\/index.php\/quienes-somos\/","title":{"rendered":"Quienes somos"},"content":{"rendered":"<p><div class=\"fusion-fullwidth fullwidth-box fusion-builder-row-1 fusion-flex-container nonhundred-percent-fullwidth non-hundred-percent-height-scrolling\" style=\"--awb-border-radius-top-left:0px;--awb-border-radius-top-right:0px;--awb-border-radius-bottom-right:0px;--awb-border-radius-bottom-left:0px;--awb-padding-top:90px;\" ><div class=\"fusion-builder-row fusion-row fusion-flex-align-items-flex-start fusion-flex-justify-content-center\" style=\"max-width:1144px;margin-left: calc(-4% \/ 2 );margin-right: calc(-4% \/ 2 );\"><div class=\"fusion-layout-column fusion_builder_column fusion-builder-column-0 fusion_builder_column_2_3 2_3 fusion-flex-column\" style=\"--awb-bg-size:cover;--awb-width-large:66.666666666667%;--awb-margin-top-large:2%;--awb-spacing-right-large:2.88%;--awb-margin-bottom-large:2%;--awb-spacing-left-large:2.88%;--awb-width-medium:100%;--awb-spacing-right-medium:1.92%;--awb-spacing-left-medium:1.92%;--awb-width-small:100%;--awb-spacing-right-small:1.92%;--awb-spacing-left-small:1.92%;\"><div class=\"fusion-column-wrapper fusion-flex-justify-content-flex-start fusion-content-layout-column\"><div class=\"fusion-image-element \" style=\"text-align:center;--awb-margin-bottom:30px;--awb-caption-title-font-family:var(--h2_typography-font-family);--awb-caption-title-font-weight:var(--h2_typography-font-weight);--awb-caption-title-font-style:var(--h2_typography-font-style);--awb-caption-title-size:var(--h2_typography-font-size);--awb-caption-title-transform:var(--h2_typography-text-transform);--awb-caption-title-line-height:var(--h2_typography-line-height);--awb-caption-title-letter-spacing:var(--h2_typography-letter-spacing);\"><span class=\" fusion-imageframe imageframe-none imageframe-1 hover-type-none\" class=\"image-magnify\" class=\"image-scroll\"><img decoding=\"async\" width=\"48\" height=\"54\" title=\"icon_1\" src=\"data:image\/svg+xml,%3Csvg%20xmlns%3D%27http%3A%2F%2Fwww.w3.org%2F2000%2Fsvg%27%20width%3D%2748%27%20height%3D%2754%27%20viewBox%3D%270%200%2048%2054%27%3E%3Crect%20width%3D%2748%27%20height%3D%2754%27%20fill-opacity%3D%220%22%2F%3E%3C%2Fsvg%3E\" data-orig-src=\"https:\/\/data.audiosaludregional.cl\/wp-content\/uploads\/2016\/10\/icon_1.png\" alt class=\"lazyload img-responsive wp-image-29\"\/><\/span><\/div><div class=\"fusion-title title fusion-title-1 fusion-title-center fusion-title-text fusion-title-size-two\"><div class=\"title-sep-container title-sep-container-left\"><div class=\"title-sep sep- sep-solid\" style=\"border-color:var(--awb-color3);\"><\/div><\/div><span class=\"awb-title-spacer\"><\/span><h2 class=\"title-heading-center\" style=\"margin:0;\"><font color=\"#6487c2\">Audio Salud Regional<\/font><\/h2><span class=\"awb-title-spacer\"><\/span><div class=\"title-sep-container title-sep-container-right\"><div class=\"title-sep sep- sep-solid\" style=\"border-color:var(--awb-color3);\"><\/div><\/div><\/div><div class=\"fusion-separator\" style=\"align-self: center;margin-left: auto;margin-right: auto;margin-bottom:10px;width:100%;max-width:100px;\"><div class=\"fusion-separator-border sep-single sep-solid\" style=\"--awb-height:20px;--awb-amount:20px;--awb-sep-color:var(--awb-color5);border-color:var(--awb-color5);border-top-width:2px;\"><\/div><\/div><\/div><\/div><\/div><\/div><div class=\"fusion-fullwidth fullwidth-box fusion-builder-row-2 fusion-flex-container nonhundred-percent-fullwidth non-hundred-percent-height-scrolling\" style=\"--awb-border-radius-top-left:0px;--awb-border-radius-top-right:0px;--awb-border-radius-bottom-right:0px;--awb-border-radius-bottom-left:0px;--awb-padding-top:0px;--awb-padding-bottom:0px;\" ><div class=\"fusion-builder-row fusion-row fusion-flex-align-items-flex-start\" style=\"max-width:1144px;margin-left: calc(-4% \/ 2 );margin-right: calc(-4% \/ 2 );\"><div class=\"fusion-layout-column fusion_builder_column fusion-builder-column-1 fusion_builder_column_1_2 1_2 fusion-flex-column\" style=\"--awb-padding-right:3%;--awb-padding-left:3%;--awb-bg-size:cover;--awb-width-large:50%;--awb-margin-top-large:20px;--awb-spacing-right-large:3.84%;--awb-margin-bottom-large:0px;--awb-spacing-left-large:3.84%;--awb-width-medium:100%;--awb-spacing-right-medium:1.92%;--awb-spacing-left-medium:1.92%;--awb-width-small:100%;--awb-spacing-right-small:1.92%;--awb-spacing-left-small:1.92%;\"><div class=\"fusion-column-wrapper fusion-flex-justify-content-flex-start fusion-content-layout-column\"><div class=\"fusion-tabs fusion-tabs-1 clean nav-is-justified horizontal-tabs icon-position-left mobile-mode-accordion\" style=\"--awb-title-border-radius-top-left:0px;--awb-title-border-radius-top-right:0px;--awb-title-border-radius-bottom-right:0px;--awb-title-border-radius-bottom-left:0px;--awb-alignment:center;--awb-inactive-color:var(--awb-color2);--awb-background-color:var(--awb-color1);--awb-border-color:var(--awb-color3);--awb-active-border-color:var(--awb-custom_color_1);\"><div class=\"nav\"><ul class=\"nav-tabs nav-justified\" role=\"tablist\"><li class=\"active\" role=\"presentation\"><a class=\"tab-link\" data-toggle=\"tab\" role=\"tab\" aria-controls=\"tab-8866a074fab6097e813\" aria-selected=\"true\" id=\"fusion-tab-mission\" href=\"#tab-8866a074fab6097e813\"><h4 class=\"fusion-tab-heading\"><i class=\"fontawesome-icon dentist-user\" aria-hidden=\"true\" style=\"font-size:13px;\"><\/i>Mission<\/h4><\/a><\/li><li role=\"presentation\"><a class=\"tab-link\" data-toggle=\"tab\" role=\"tab\" aria-controls=\"tab-65531cddca080da9f4e\" aria-selected=\"false\" tabindex=\"-1\" id=\"fusion-tab-vision\" href=\"#tab-65531cddca080da9f4e\"><h4 class=\"fusion-tab-heading\"><i class=\"fontawesome-icon dentist-eye\" aria-hidden=\"true\" style=\"font-size:13px;\"><\/i>Vision<\/h4><\/a><\/li><\/ul><\/div><div class=\"tab-content\"><div class=\"nav fusion-mobile-tab-nav\"><ul class=\"nav-tabs nav-justified\" role=\"tablist\"><li class=\"active\" role=\"presentation\"><a class=\"tab-link\" data-toggle=\"tab\" role=\"tab\" aria-controls=\"tab-8866a074fab6097e813\" aria-selected=\"true\" id=\"mobile-fusion-tab-mission\" href=\"#tab-8866a074fab6097e813\"><h4 class=\"fusion-tab-heading\"><i class=\"fontawesome-icon dentist-user\" aria-hidden=\"true\" style=\"font-size:13px;\"><\/i>Mission<\/h4><\/a><\/li><\/ul><\/div><div class=\"tab-pane fade fusion-clearfix in active\" role=\"tabpanel\" tabindex=\"0\" aria-labelledby=\"fusion-tab-mission\" id=\"tab-8866a074fab6097e813\">\n<ul>\n<li>Mejorar la calidad de vida de nuestros pacientes a trav\u00e9s de la comunicaci\u00f3n efectiva y el desarrollo de habilidades ling\u00fc\u00edsticas.<\/li>\n<li>Brindar atenci\u00f3n personalizada y especializada a nuestros pacientes para ayudarles a alcanzar sus objetivos comunicativos.<\/li>\n<li>Ser un centro de referencia en el campo de la fonoaudiolog\u00eda, ofreciendo servicios de alta calidad y una experiencia excepcional al paciente.<\/li>\n<li>Contribuir al desarrollo y la innovaci\u00f3n en el \u00e1rea de la fonoaudiolog\u00eda a trav\u00e9s de la investigaci\u00f3n y la formaci\u00f3n continua.<\/li>\n<li>Proporcionar soluciones efectivas y duraderas a los problemas de comunicaci\u00f3n y lenguaje de nuestros pacientes, para mejorar su bienestar y calidad de vida.<\/li>\n<\/ul>\n<\/div><div class=\"nav fusion-mobile-tab-nav\"><ul class=\"nav-tabs nav-justified\" role=\"tablist\"><li role=\"presentation\"><a class=\"tab-link\" data-toggle=\"tab\" role=\"tab\" aria-controls=\"tab-65531cddca080da9f4e\" aria-selected=\"false\" tabindex=\"-1\" id=\"mobile-fusion-tab-vision\" href=\"#tab-65531cddca080da9f4e\"><h4 class=\"fusion-tab-heading\"><i class=\"fontawesome-icon dentist-eye\" aria-hidden=\"true\" style=\"font-size:13px;\"><\/i>Vision<\/h4><\/a><\/li><\/ul><\/div><div class=\"tab-pane fade fusion-clearfix\" role=\"tabpanel\" tabindex=\"0\" aria-labelledby=\"fusion-tab-vision\" id=\"tab-65531cddca080da9f4e\">\n<ul>\n<li>Ser reconocidos como el mejor centro de fonoaudiolog\u00eda de la regi\u00f3n, gracias a la excelencia de nuestros servicios y la satisfacci\u00f3n de nuestros pacientes.<\/li>\n<li>Ser l\u00edderes en el campo de la fonoaudiolog\u00eda, contribuyendo a la mejora continua de la atenci\u00f3n y el tratamiento de los trastornos del lenguaje y la comunicaci\u00f3n.<\/li>\n<li>Ser una fuente de inspiraci\u00f3n para nuestros pacientes, ayud\u00e1ndolos a desarrollar su potencial comunicativo y alcanzar sus metas.<\/li>\n<li>Continuar innovando y creciendo en el campo de la fonoaudiolog\u00eda, para seguir ofreciendo soluciones efectivas y personalizadas a nuestros pacientes.<\/li>\n<li>Ser un referente en el \u00e1mbito de la investigaci\u00f3n y la formaci\u00f3n en fonoaudiolog\u00eda, contribuyendo al desarrollo y la difusi\u00f3n del conocimiento en el campo de la comunicaci\u00f3n y el lenguaje.<\/li>\n<\/ul>\n<\/div><\/div><\/div><\/div><\/div><div class=\"fusion-layout-column fusion_builder_column fusion-builder-column-2 fusion_builder_column_1_2 1_2 fusion-flex-column\" style=\"--awb-bg-size:cover;--awb-width-large:50%;--awb-margin-top-large:10px;--awb-spacing-right-large:3.84%;--awb-margin-bottom-large:0px;--awb-spacing-left-large:3.84%;--awb-width-medium:100%;--awb-spacing-right-medium:1.92%;--awb-spacing-left-medium:1.92%;--awb-width-small:100%;--awb-spacing-right-small:1.92%;--awb-spacing-left-small:1.92%;\"><div class=\"fusion-column-wrapper fusion-flex-justify-content-flex-start fusion-content-layout-column\"><div class=\"fusion-image-element md-text-align-center\" style=\"--awb-caption-title-font-family:var(--h2_typography-font-family);--awb-caption-title-font-weight:var(--h2_typography-font-weight);--awb-caption-title-font-style:var(--h2_typography-font-style);--awb-caption-title-size:var(--h2_typography-font-size);--awb-caption-title-transform:var(--h2_typography-text-transform);--awb-caption-title-line-height:var(--h2_typography-line-height);--awb-caption-title-letter-spacing:var(--h2_typography-letter-spacing);\"><span class=\" fusion-imageframe imageframe-none imageframe-2 hover-type-none\" class=\"image-scroll\"><a class=\"fusion-no-lightbox\" href=\"https:\/\/bit.ly\/2l3jd8A\" target=\"_blank\" aria-label=\"tt\" rel=\"noopener noreferrer\"><img decoding=\"async\" width=\"960\" height=\"1280\" src=\"https:\/\/data.audiosaludregional.cl\/wp-content\/uploads\/2023\/04\/tt.jpg\" data-orig-src=\"https:\/\/data.audiosaludregional.cl\/wp-content\/uploads\/2023\/04\/tt.jpg\" alt class=\"lazyload img-responsive wp-image-924\" srcset=\"data:image\/svg+xml,%3Csvg%20xmlns%3D%27http%3A%2F%2Fwww.w3.org%2F2000%2Fsvg%27%20width%3D%27960%27%20height%3D%271280%27%20viewBox%3D%270%200%20960%201280%27%3E%3Crect%20width%3D%27960%27%20height%3D%271280%27%20fill-opacity%3D%220%22%2F%3E%3C%2Fsvg%3E\" data-srcset=\"https:\/\/data.audiosaludregional.cl\/wp-content\/uploads\/2023\/04\/tt-200x267.jpg 200w, https:\/\/data.audiosaludregional.cl\/wp-content\/uploads\/2023\/04\/tt-400x533.jpg 400w, https:\/\/data.audiosaludregional.cl\/wp-content\/uploads\/2023\/04\/tt-600x800.jpg 600w, https:\/\/data.audiosaludregional.cl\/wp-content\/uploads\/2023\/04\/tt-800x1067.jpg 800w, https:\/\/data.audiosaludregional.cl\/wp-content\/uploads\/2023\/04\/tt.jpg 960w\" data-sizes=\"auto\" data-orig-sizes=\"(max-width: 1280px) 100vw, (max-width: 1024px) 100vw, 600px\" \/><\/a><\/span><\/div><\/div><\/div><\/div><\/div><\/p>\n","protected":false},"excerpt":{"rendered":"","protected":false},"author":1,"featured_media":0,"parent":0,"menu_order":0,"comment_status":"closed","ping_status":"closed","template":"100-width.php","meta":{"_mi_skip_tracking":false,"_monsterinsights_sitenote_active":false,"_monsterinsights_sitenote_note":"","_monsterinsights_sitenote_category":0,"footnotes":""},"class_list":["post-8","page","type-page","status-publish","hentry"],"_links":{"self":[{"href":"https:\/\/data.audiosaludregional.cl\/index.php\/wp-json\/wp\/v2\/pages\/8","targetHints":{"allow":["GET"]}}],"collection":[{"href":"https:\/\/data.audiosaludregional.cl\/index.php\/wp-json\/wp\/v2\/pages"}],"about":[{"href":"https:\/\/data.audiosaludregional.cl\/index.php\/wp-json\/wp\/v2\/types\/page"}],"author":[{"embeddable":true,"href":"https:\/\/data.audiosaludregional.cl\/index.php\/wp-json\/wp\/v2\/users\/1"}],"replies":[{"embeddable":true,"href":"https:\/\/data.audiosaludregional.cl\/index.php\/wp-json\/wp\/v2\/comments?post=8"}],"version-history":[{"count":7,"href":"https:\/\/data.audiosaludregional.cl\/index.php\/wp-json\/wp\/v2\/pages\/8\/revisions"}],"predecessor-version":[{"id":957,"href":"https:\/\/data.audiosaludregional.cl\/index.php\/wp-json\/wp\/v2\/pages\/8\/revisions\/957"}],"wp:attachment":[{"href":"https:\/\/data.audiosaludregional.cl\/index.php\/wp-json\/wp\/v2\/media?parent=8"}],"curies":[{"name":"wp","href":"https:\/\/api.w.org\/{rel}","templated":true}]}}